{"id":7,"date":"2013-06-09T15:28:46","date_gmt":"2013-06-09T13:28:46","guid":{"rendered":"http:\/\/bier.rub.de\/?page_id=7"},"modified":"2015-12-09T11:37:16","modified_gmt":"2015-12-09T09:37:16","slug":"liste-b-i-e-r","status":"publish","type":"page","link":"http:\/\/bier.rub.de\/","title":{"rendered":"Herzlich Willkommen"},"content":{"rendered":"<h3>Wahlen zum 49. Studierendenparlament<\/h3>\n<p class=\"lead\">Wir treten dieses Jahr nicht an, aber haben nat\u00fcrlich trotzdem alle wichtigen Informationen f\u00fcr Euch!<br \/>\nStuPa-FAQ: <a href=\"http:\/\/bier.rub.de\/?p=1032\">Wie funktioniert die StuPa-Wahl?<\/a><\/p>\n<p>Ein total objektiver Blick auf die <a href=\"http:\/\/bier.rub.de\/?p=1941\">diesj\u00e4hrig antretenden Listen<\/a>.<\/p>\n<p>&nbsp;<\/p>\n<p style=\"text-align: left;\"><img loading=\"lazy\" class=\"aligncenter wp-image-1222\" src=\"http:\/\/bier.rub.de\/wp-content\/uploads\/2014\/01\/ausgegoreneideen-300x161.png\" alt=\"ausgegoreneideen\" width=\"257\" height=\"141\" \/><\/p>\n","protected":false},"excerpt":{"rendered":"<p>Wahlen zum 49. Studierendenparlament Wir treten dieses Jahr nicht an, aber haben nat\u00fcrlich trotzdem alle wichtigen Informationen f\u00fcr Euch! StuPa-FAQ: Wie funktioniert die StuPa-Wahl? Ein total objektiver Blick auf die diesj\u00e4hrig antretenden Listen. &nbsp;<\/p>\n","protected":false},"author":1,"featured_media":0,"parent":0,"menu_order":0,"comment_status":"closed","ping_status":"closed","template":"","meta":[],"_links":{"self":[{"href":"http:\/\/bier.rub.de\/index.php?rest_route=\/wp\/v2\/pages\/7"}],"collection":[{"href":"http:\/\/bier.rub.de\/index.php?rest_route=\/wp\/v2\/pages"}],"about":[{"href":"http:\/\/bier.rub.de\/index.php?rest_route=\/wp\/v2\/types\/page"}],"author":[{"embeddable":true,"href":"http:\/\/bier.rub.de\/index.php?rest_route=\/wp\/v2\/users\/1"}],"replies":[{"embeddable":true,"href":"http:\/\/bier.rub.de\/index.php?rest_route=%2Fwp%2Fv2%2Fcomments&post=7"}],"version-history":[{"count":50,"href":"http:\/\/bier.rub.de\/index.php?rest_route=\/wp\/v2\/pages\/7\/revisions"}],"predecessor-version":[{"id":1948,"href":"http:\/\/bier.rub.de\/index.php?rest_route=\/wp\/v2\/pages\/7\/revisions\/1948"}],"wp:attachment":[{"href":"http:\/\/bier.rub.de\/index.php?rest_route=%2Fwp%2Fv2%2Fmedia&parent=7"}],"curies":[{"name":"wp","href":"https:\/\/api.w.org\/{rel}","templated":true}]}}