{"id":591,"date":"2013-07-22T18:23:30","date_gmt":"2013-07-22T16:23:30","guid":{"rendered":"http:\/\/bier.rub.de\/?page_id=591"},"modified":"2020-06-04T16:18:49","modified_gmt":"2020-06-04T14:18:49","slug":"impressum","status":"publish","type":"page","link":"http:\/\/bier.rub.de\/?page_id=591","title":{"rendered":"Impressum"},"content":{"rendered":"<p style=\"text-align: left;\" class=\"lead\"><strong><span style=\"text-decoration: underline;\">Verantwortlich f\u00fcr den Inhalt:<\/span><\/strong><\/p>\n<p>Liste B.I.E.R.<br \/>\nz.H. Michael Wolf<br \/>\nc\/o AStA der Ruhr-Universit\u00e4t Bochum<br \/>\nStudierendenhaus<br \/>\nUniversit\u00e4tsstr. 150<br \/>\n44780 Bochum<\/p>\n<p><strong>Kontakt<\/strong><br \/>\nE-Mail: bier[at]rub[dot]de<\/p>\n<h4>Datenschutz<\/h4>\n<p>Die Liste B.I.E.R, nimmt den Schutz Ihrer pers\u00f6nlichen Daten sehr ernst und h\u00e4lt sich an die Regeln der Datenschutzgesetze. Die nachfolgende Erkl\u00e4rung gibt Ihnen einen \u00dcberblick dar\u00fcber, welche Art von Daten zu welchem Zweck erhoben werden.<br \/>\nDatenverarbeitung auf www.bier.rub.de<\/p>\n<p>In den Serverstatistiken werden automatisch solche Daten gespeichert, die Ihr Browser an uns \u00fcbermittelt. Dies sind:<\/p>\n<p>Browsertyp\/ -version<br \/>\nverwendetes Betriebssystem<br \/>\nReferrer URL (die zuvor besuchte Seite)<br \/>\nHostname des zugreifenden Rechners (IP Adresse)<br \/>\nUhrzeit der Serveranfrage.<\/p>\n<p>Diese Daten sind f\u00fcr uns in der Regel nicht bestimmten Personen zuordenbar. Eine Zusammenf\u00fchrung dieser Daten mit anderen Datenquellen wird nicht vorgenommen.<\/p>\n","protected":false},"excerpt":{"rendered":"<p>Verantwortlich f\u00fcr den Inhalt: Liste B.I.E.R. z.H. Michael Wolf c\/o AStA der Ruhr-Universit\u00e4t Bochum Studierendenhaus Universit\u00e4tsstr. 150 44780 Bochum Kontakt E-Mail: bier[at]rub[dot]de Datenschutz Die Liste B.I.E.R, nimmt den Schutz Ihrer pers\u00f6nlichen Daten sehr ernst und h\u00e4lt sich an die Regeln der Datenschutzgesetze. Die nachfolgende Erkl\u00e4rung gibt Ihnen einen \u00dcberblick dar\u00fcber, welche Art von Daten zu&#8230;  <a href=\"http:\/\/bier.rub.de\/?page_id=591\" class=\"more-link\" title=\"Read Impressum\">Read more &raquo;<\/a><\/p>\n","protected":false},"author":1,"featured_media":0,"parent":0,"menu_order":0,"comment_status":"closed","ping_status":"closed","template":"","meta":[],"_links":{"self":[{"href":"http:\/\/bier.rub.de\/index.php?rest_route=\/wp\/v2\/pages\/591"}],"collection":[{"href":"http:\/\/bier.rub.de\/index.php?rest_route=\/wp\/v2\/pages"}],"about":[{"href":"http:\/\/bier.rub.de\/index.php?rest_route=\/wp\/v2\/types\/page"}],"author":[{"embeddable":true,"href":"http:\/\/bier.rub.de\/index.php?rest_route=\/wp\/v2\/users\/1"}],"replies":[{"embeddable":true,"href":"http:\/\/bier.rub.de\/index.php?rest_route=%2Fwp%2Fv2%2Fcomments&post=591"}],"version-history":[{"count":21,"href":"http:\/\/bier.rub.de\/index.php?rest_route=\/wp\/v2\/pages\/591\/revisions"}],"predecessor-version":[{"id":1966,"href":"http:\/\/bier.rub.de\/index.php?rest_route=\/wp\/v2\/pages\/591\/revisions\/1966"}],"wp:attachment":[{"href":"http:\/\/bier.rub.de\/index.php?rest_route=%2Fwp%2Fv2%2Fmedia&parent=591"}],"curies":[{"name":"wp","href":"https:\/\/api.w.org\/{rel}","templated":true}]}}