{"id":290,"date":"2013-06-22T19:54:31","date_gmt":"2013-06-22T17:54:31","guid":{"rendered":"http:\/\/bier.rub.de\/?page_id=290"},"modified":"2014-12-16T11:01:10","modified_gmt":"2014-12-16T09:01:10","slug":"b-i-e-r-in-der-presse","status":"publish","type":"page","link":"http:\/\/bier.rub.de\/?page_id=290","title":{"rendered":"B.I.E.R. in der Presse"},"content":{"rendered":"<p class=\"lead\">Was andere \u00fcber uns schreiben, sammeln wir an dieser Stelle.<\/p>\n<p><strong>akduell &#8211; studentische zeitung f\u00fcrs ruhrgebiet und die Uni Duisburg-Essen<\/strong><\/p>\n<p><a href=\"http:\/\/akduell.de\/2014\/12\/datenklau-ueberschattet-rub-wahl\/\" target=\"_blank\">Bis zu einer unserer Nachbarunis<\/a> hat es der Skandal um die E-Mail von &#8222;rubknallhart&#8220; an \u00fcber 50.000 Mitglieder der Ruhr-Universit\u00e4t gebracht.<\/p>\n<p><strong>bochumer stadt- und studierendenzeitung<\/strong><\/p>\n<p>Zu den verschiedensten Themen wurden wir in der :bsz befragt. Da w\u00e4re einmal der Streit um den Preis und die Konditionen f\u00fcr das Semesterticket der <a href=\"http:\/\/www.bszonline.de\/artikel\/informiert-uns-endlich\" target=\"_blank\">ASten<\/a> mit dem VRR, oder wie wir bei der Erstibegr\u00fc\u00dfung 2013<a href=\"http:\/\/www.bszonline.de\/kolumne\/bier-verbot-der-rub\" target=\"_blank\"> \u00c4rger mit der Security<\/a> bekamen. Nat\u00fcrlich haben wir auch eine Meinung zum neuen <a href=\"http:\/\/www.bszonline.de\/artikel\/knappe-asta-mehrheit-f%C3%BCr-carsharing-vertrag\" target=\"_blank\">CiteeCar-Vertrag des AStA.<\/a> Ein Redakteur versuchte sich gar an einer <a href=\"http:\/\/www.bszonline.de\/artikel\/schnarchnase-rub\" target=\"_blank\">Satire \u00fcber unseren Politik-Stil<\/a> und unterstellt uns Schnarchnasen-Politik, w\u00e4hrend wir zusammen mit anderen Listen <a href=\"http:\/\/www.bszonline.de\/artikel\/grillen-f%C3%BCr-preiserlass-der-mensa\" target=\"_blank\">gegen die Preiserh\u00f6hungen in der Mensa und in den Cafeten grillten<\/a>. Da wir momentan in der Opposition des StuPas sind, d\u00fcrften wir nat\u00fcrlich auch nicht in dem <a href=\"http:\/\/www.bszonline.de\/artikel\/gemeinsam-oppositionell-liberale-und-gr%C3%BCne-unabh%C3%A4ngige-und-linke\" target=\"_blank\">Artikel \u00fcber die Oppositionslisten<\/a> fehlen. Und in einer <a href=\"http:\/\/www.bszonline.de\/artikel\/liquid-democracy\" target=\"_blank\">Zwischenbilanz zur diesj\u00e4hrigen Legislatur<\/a> werden wir auch wieder erw\u00e4hnt.<\/p>\n<p><strong>SPIEGEL<\/strong><\/p>\n<p>Der Spiegel interviewte uns zu einem <a href=\"http:\/\/www.spiegel.de\/spiegel\/unispiegel\/d-126919977.html\" target=\"_blank\">Artikel \u00fcber &#8222;Spa\u00dflisten&#8220; und deren Gefahr f\u00fcr die Demokratie<\/a> (was wir zum Zeitpunkt des Interviews selber nicht wussten) und zieht uns in einen homophoben Skandal einer Spa\u00df-Liste in Wuppertal <a href=\"http:\/\/www.spiegel.de\/unispiegel\/studium\/asta-der-uni-wuppertal-eklat-um-schwulenfeindlichkeit-a-989952.html\" target=\"_blank\">rein<\/a>, mit dem wir nichts zu tun haben. Ganz ehrlich, wissen die vom Spiegel eigentlich, was Journalismus ist?<\/p>\n<p><strong>tv.rub<\/strong><\/p>\n<p>Ebenfalls ein Lehrsender an einer Universit\u00e4t. Diese luden zu einem <a href=\"http:\/\/vimeopro.com\/tvrub\/tvrub\/video\/88244649\" target=\"_blank\">Hochschulpolitik-Talk<\/a> und berichteten \u00fcber uns beim <a href=\"http:\/\/vimeopro.com\/tvrub\/tvrub\/video\/99705298\" target=\"_blank\">Sommerfest 2014<\/a>.<\/p>\n<p><strong>Do1TV<\/strong><\/p>\n<p>Nach der Urabstimmung an der RUB \u00fcber einen Vertrag mit der nextbike GmbH (metropolradruhr) berichtet die Lehrredaktion aus Dortmund \u00fcber Pro und Contra des Projektes.<\/p>\n<p><a href=\"http:\/\/www.do1.tv\/2014\/01\/24\/newsflash-diskussion-uber-leih-fahrrader-an-der-rub\/\" target=\"_blank\">http:\/\/www.do1.tv\/2014\/01\/24\/newsflash-diskussion-uber-leih-fahrrader-an-der-rub\/<\/a><\/p>\n<p><strong>bsz Extra-Ausgabe zur StuPa-Wahl im Januar 2014<\/strong><\/p>\n<p>Die bsz hatte Fragen &#8211; wir haben geantwortet.<\/p>\n<p><a href=\"http:\/\/bszonline.de\/artikel\/schl%C3%BCsselfragen-im-superwahljahr\" target=\"_blank\">http:\/\/bszonline.de\/artikel\/schl%C3%BCsselfragen-im-superwahljahr<\/a><\/p>\n<p><strong>bsz #961<\/strong><\/p>\n<p>Die bsz berichtet abschlie\u00dfend \u00fcber die Metropolradruhr-Kontroverse. Gleichzeitig wird unsere Infoveranstaltung angek\u00fcndigt.<\/p>\n<p><a href=\"http:\/\/www.bszonline.de\/artikel\/die-r%C3%A4der-ins-rollen-bringen\" target=\"_blank\">http:\/\/www.bszonline.de\/artikel\/die-r%C3%A4der-ins-rollen-bringen<\/a><\/p>\n<p><strong>sueddeutsche.de<\/strong><\/p>\n<p>Auf dem Blog \u201cGef\u00e4llt mir\u201d von der S\u00fcddeutschen geht Dirk von Gehlen dem Mythos nach, woher eigentlich dieses Bild kommt mit dem Schild und unserem Lieblingswahlplakat \u201cDas Mitbringen von Bier ist l\u00e4ssig\u201d<\/p>\n<p><a href=\"http:\/\/gefaelltmir.sueddeutsche.de\/post\/50586830186\/das-erneute-anbringen-alter-schilder-kann-durchaus\" target=\"_blank\">http:\/\/gefaelltmir.sueddeutsche.de\/post\/50586830186\/das-erneute-anbringen-alter-schilder-kann-durchaus<\/a><\/p>\n<p><strong>ak[due]ll<\/strong><\/p>\n<p>In der studentischen Zeitung der Universit\u00e4t Duisburg-Essen wird f\u00fcr politische Partizipation bei den StuPa-Wahl geworben \u2013 leuchtendes Beispiel ist nat\u00fcrlich die Liste B.I.E.R.<\/p>\n<p><a href=\"http:\/\/akduell.de\/2013\/05\/wahlen-sind-nicht-wichtig-bier-trinken-ist-wichtig\/\" target=\"_blank\">http:\/\/akduell.de\/2013\/05\/wahlen-sind-nicht-wichtig-bier-trinken-ist-wichtig\/<\/a><\/p>\n<p><strong>bsz again<\/strong><\/p>\n<p>Die bsz schreibt \u00fcber die Projekgruppe Move2013 an der RUB und auch \u00fcber unsere Kritik am Vertrag des AStA mit der metroplradruhr bzw. mit dem Unternehmen nextbike GmbH.<\/p>\n<p><a href=\"http:\/\/bszonline.de\/artikel\/macht-%E2%80%9Emove%E2%80%9C-mobil\" target=\"_blank\">http:\/\/bszonline.de\/artikel\/macht-%E2%80%9Emove%E2%80%9C-mobil<\/a><\/p>\n<p><strong>bsz again<\/strong><\/p>\n<p>In der dritten Sitzung des 46. Studierendenparlamentes ging es um die Wahl des neuen AStA. Die bsz berichtet, unter anderem \u00fcber unseren Kandidaten f\u00fcr den AStA-Vorsitz. Leider konnte Carsten nicht die Mehrheit der Stimmen bekommen.<\/p>\n<p><a href=\"http:\/\/bszonline.de\/artikel\/die-papstwahl-war-peanuts-dagegen%E2%80%A6\" target=\"_blank\">http:\/\/bszonline.de\/artikel\/die-papstwahl-war-peanuts-dagegen%E2%80%A6<\/a><\/p>\n<p><strong>Pflichtlekt\u00fcre<\/strong><\/p>\n<p>Ebenfalls \u00fcber die Wahlen und die Ausz\u00e4hlung berichtete das studentische Magazin Pflichtlekt\u00fcre.<\/p>\n<p><a href=\"http:\/\/www.pflichtlektuere.com\/21\/01\/2013\/stupa-wahl-in-bochum-gruene-sind-staerkste-kraft\/\" target=\"_blank\">http:\/\/www.pflichtlektuere.com\/21\/01\/2013\/stupa-wahl-in-bochum-gruene-sind-staerkste-kraft\/<\/a><\/p>\n<p><strong>Ruhrbarone<\/strong><\/p>\n<p>Nach der Stimmenausz\u00e4hlungsparty am Ende der Wahlen zum 46. Studierendenparlament berichtet Martin Niewendick auf dem Blog ruhrbarone.de auch \u00fcber uns.<\/p>\n<p><a href=\"http:\/\/www.ruhrbarone.de\/stupa-wahl-pragmatische-koalition-bestaetigt\/\" target=\"_blank\">http:\/\/www.ruhrbarone.de\/stupa-wahl-pragmatische-koalition-bestaetigt\/<\/a><\/p>\n<p><strong>bsz<\/strong><\/p>\n<p>In der Wahlwoche gab es ein gro\u00dfes Interview mit allen Listen, die zur Wahl standen. Nat\u00fcrlich stellte sich auch B.I.E.R. den Fragen der Redaktion.<\/p>\n<p><a href=\"http:\/\/bszonline.de\/artikel\/diese-woche-ist-stupa-wahl\" target=\"_blank\">http:\/\/bszonline.de\/artikel\/diese-woche-ist-stupa-wahl<\/a><\/p>\n","protected":false},"excerpt":{"rendered":"<p>Was andere \u00fcber uns schreiben, sammeln wir an dieser Stelle. akduell &#8211; studentische zeitung f\u00fcrs ruhrgebiet und die Uni Duisburg-Essen Bis zu einer unserer Nachbarunis hat es der Skandal um die E-Mail von &#8222;rubknallhart&#8220; an \u00fcber 50.000 Mitglieder der Ruhr-Universit\u00e4t gebracht. bochumer stadt- und studierendenzeitung Zu den verschiedensten Themen wurden wir in der :bsz befragt&#8230;.  <a href=\"http:\/\/bier.rub.de\/?page_id=290\" class=\"more-link\" title=\"Read B.I.E.R. in der Presse\">Read more &raquo;<\/a><\/p>\n","protected":false},"author":1,"featured_media":0,"parent":0,"menu_order":0,"comment_status":"closed","ping_status":"closed","template":"","meta":[],"_links":{"self":[{"href":"http:\/\/bier.rub.de\/index.php?rest_route=\/wp\/v2\/pages\/290"}],"collection":[{"href":"http:\/\/bier.rub.de\/index.php?rest_route=\/wp\/v2\/pages"}],"about":[{"href":"http:\/\/bier.rub.de\/index.php?rest_route=\/wp\/v2\/types\/page"}],"author":[{"embeddable":true,"href":"http:\/\/bier.rub.de\/index.php?rest_route=\/wp\/v2\/users\/1"}],"replies":[{"embeddable":true,"href":"http:\/\/bier.rub.de\/index.php?rest_route=%2Fwp%2Fv2%2Fcomments&post=290"}],"version-history":[{"count":9,"href":"http:\/\/bier.rub.de\/index.php?rest_route=\/wp\/v2\/pages\/290\/revisions"}],"predecessor-version":[{"id":1760,"href":"http:\/\/bier.rub.de\/index.php?rest_route=\/wp\/v2\/pages\/290\/revisions\/1760"}],"wp:attachment":[{"href":"http:\/\/bier.rub.de\/index.php?rest_route=%2Fwp%2Fv2%2Fmedia&parent=290"}],"curies":[{"name":"wp","href":"https:\/\/api.w.org\/{rel}","templated":true}]}}