{"id":286,"date":"2013-06-22T19:51:29","date_gmt":"2013-06-22T17:51:29","guid":{"rendered":"http:\/\/bier.rub.de\/?page_id=286"},"modified":"2015-05-18T13:41:21","modified_gmt":"2015-05-18T11:41:21","slug":"kontakt","status":"publish","type":"page","link":"http:\/\/bier.rub.de\/?page_id=286","title":{"rendered":"Kontakt"},"content":{"rendered":"<h4>B.I.E.R. in sozialen\u00a0Netzwerken<\/h4>\n<p class=\"lead\">Leute, die Liste B.I.E.R. ist jetzt einfach \u00fcberall! Wir dachten, wenn sich irgendwer durch das Web 2.0 saufen kann, dann wir. Ihr k\u00f6nnt uns jetzt also nicht nur per Mail, sondern auch wie folgt erreichen, followen, liken, retweeten, streamen, trenden\u2026<\/p>\n<p><a href=\"https:\/\/joindiaspora.com\/u\/listebier\" target=\"_blank\">Diaspora<\/a><\/p>\n<p><a href=\"http:\/\/www.twitter.com\/listebier\" target=\"_blank\">Twitter<\/a><\/p>\n<h4>Mailingliste<\/h4>\n<p>Abonniere den B.I.E.R.-Infoverteiler, indem du dich <a href=\"https:\/\/lists.ruhr-uni-bochum.de\/mailman\/listinfo\/bier-public\" target=\"_blank\">hier<\/a> eintr\u00e4gst und du erh\u00e4ltst alle Infos zu unseren Aktivit\u00e4ten.<\/p>\n<h4>B.I.E.R. kontaktieren<\/h4>\n<p>Wenn Ihr pers\u00f6nlich irgendwas mit uns kl\u00e4ren wollt, dann schreibt uns am besten eine Mail. Kleiner Tipp: Gewisse Zeichen m\u00fcssen noch eingef\u00fcgt werden.<\/p>\n<p>bier[at]rub[dot]de<\/p>\n","protected":false},"excerpt":{"rendered":"<p>B.I.E.R. in sozialen\u00a0Netzwerken Leute, die Liste B.I.E.R. ist jetzt einfach \u00fcberall! Wir dachten, wenn sich irgendwer durch das Web 2.0 saufen kann, dann wir. Ihr k\u00f6nnt uns jetzt also nicht nur per Mail, sondern auch wie folgt erreichen, followen, liken, retweeten, streamen, trenden\u2026 Diaspora Twitter Mailingliste Abonniere den B.I.E.R.-Infoverteiler, indem du dich hier eintr\u00e4gst und&#8230;  <a href=\"http:\/\/bier.rub.de\/?page_id=286\" class=\"more-link\" title=\"Read Kontakt\">Read more &raquo;<\/a><\/p>\n","protected":false},"author":1,"featured_media":0,"parent":0,"menu_order":0,"comment_status":"closed","ping_status":"closed","template":"","meta":[],"_links":{"self":[{"href":"http:\/\/bier.rub.de\/index.php?rest_route=\/wp\/v2\/pages\/286"}],"collection":[{"href":"http:\/\/bier.rub.de\/index.php?rest_route=\/wp\/v2\/pages"}],"about":[{"href":"http:\/\/bier.rub.de\/index.php?rest_route=\/wp\/v2\/types\/page"}],"author":[{"embeddable":true,"href":"http:\/\/bier.rub.de\/index.php?rest_route=\/wp\/v2\/users\/1"}],"replies":[{"embeddable":true,"href":"http:\/\/bier.rub.de\/index.php?rest_route=%2Fwp%2Fv2%2Fcomments&post=286"}],"version-history":[{"count":11,"href":"http:\/\/bier.rub.de\/index.php?rest_route=\/wp\/v2\/pages\/286\/revisions"}],"predecessor-version":[{"id":1875,"href":"http:\/\/bier.rub.de\/index.php?rest_route=\/wp\/v2\/pages\/286\/revisions\/1875"}],"wp:attachment":[{"href":"http:\/\/bier.rub.de\/index.php?rest_route=%2Fwp%2Fv2%2Fmedia&parent=286"}],"curies":[{"name":"wp","href":"https:\/\/api.w.org\/{rel}","templated":true}]}}