{"id":1301,"date":"2014-02-01T12:56:52","date_gmt":"2014-02-01T10:56:52","guid":{"rendered":"http:\/\/bier.rub.de\/?page_id=1301"},"modified":"2015-05-19T13:58:49","modified_gmt":"2015-05-19T11:58:49","slug":"im-47-stupa","status":"publish","type":"page","link":"http:\/\/bier.rub.de\/?page_id=1301","title":{"rendered":"im 47. StuPa"},"content":{"rendered":"<p class=\"lead\">B.I.E.R. ist zum zweiten Mal ins Studierendenparlament eingezogen und wir werden Euch nat\u00fcrlich weiterhin mit Informationen f\u00fcttern, wie es so zugeht, im gr\u00f6\u00dften Sandkasten der Ruhr-Uni Bochum.<\/p>\n<ul>\n<li><a href=\"http:\/\/bier.rub.de\/?cat=37\">Stupaberichte<\/a><\/li>\n<li><a href=\"http:\/\/bier.rub.de\/?cat=38\">Stupa-Wahlen<\/a><\/li>\n<li><a href=\"http:\/\/bier.rub.de\/?cat=41\">Wahlpr\u00fcfungsaussschuss<\/a><\/li>\n<li><a href=\"http:\/\/bier.rub.de\/?cat=42\">RUB bekennt Farbe<\/a><\/li>\n<li><a href=\"http:\/\/bier.rub.de\/?page_id=1493\">Bier f\u00fcr Bildung<\/a><\/li>\n<\/ul>\n","protected":false},"excerpt":{"rendered":"<p>B.I.E.R. ist zum zweiten Mal ins Studierendenparlament eingezogen und wir werden Euch nat\u00fcrlich weiterhin mit Informationen f\u00fcttern, wie es so zugeht, im gr\u00f6\u00dften Sandkasten der Ruhr-Uni Bochum. Stupaberichte Stupa-Wahlen Wahlpr\u00fcfungsaussschuss RUB bekennt Farbe Bier f\u00fcr Bildung<\/p>\n","protected":false},"author":1,"featured_media":0,"parent":0,"menu_order":0,"comment_status":"closed","ping_status":"closed","template":"","meta":[],"_links":{"self":[{"href":"http:\/\/bier.rub.de\/index.php?rest_route=\/wp\/v2\/pages\/1301"}],"collection":[{"href":"http:\/\/bier.rub.de\/index.php?rest_route=\/wp\/v2\/pages"}],"about":[{"href":"http:\/\/bier.rub.de\/index.php?rest_route=\/wp\/v2\/types\/page"}],"author":[{"embeddable":true,"href":"http:\/\/bier.rub.de\/index.php?rest_route=\/wp\/v2\/users\/1"}],"replies":[{"embeddable":true,"href":"http:\/\/bier.rub.de\/index.php?rest_route=%2Fwp%2Fv2%2Fcomments&post=1301"}],"version-history":[{"count":3,"href":"http:\/\/bier.rub.de\/index.php?rest_route=\/wp\/v2\/pages\/1301\/revisions"}],"predecessor-version":[{"id":1885,"href":"http:\/\/bier.rub.de\/index.php?rest_route=\/wp\/v2\/pages\/1301\/revisions\/1885"}],"wp:attachment":[{"href":"http:\/\/bier.rub.de\/index.php?rest_route=%2Fwp%2Fv2%2Fmedia&parent=1301"}],"curies":[{"name":"wp","href":"https:\/\/api.w.org\/{rel}","templated":true}]}}