{"id":1187,"date":"2014-01-10T17:52:37","date_gmt":"2014-01-10T15:52:37","guid":{"rendered":"http:\/\/bier.rub.de\/?page_id=1187"},"modified":"2015-04-29T16:30:52","modified_gmt":"2015-04-29T14:30:52","slug":"plakate-2014","status":"publish","type":"page","link":"http:\/\/bier.rub.de\/?page_id=1187","title":{"rendered":"Die legend\u00e4ren Wahlkampf-Plakate 2014"},"content":{"rendered":"<p class=\"lead\">Auch dieses Jahr wieder haben wir eine Vielzahl von Plakaten entworfen und damit die Uni tapeziert. Hier k\u00f6nnt Ihr alle angucken und sogar als PDF runterladen, wenn Ihr damit auch Eure Wohnung tapezieren wollt.<\/p>\n<table border=\"0\">\n<tbody>\n<tr>\n<td>\n<div><a class=\"noicon\" href=\"http:\/\/bier.rub.de\/wp-content\/uploads\/2014\/12\/PlakateWaffelnEssenGluehweintrinken.pdf\"><img loading=\"lazy\" title=\"Waffel essen, Gl\u00fchwein trinken, B.I.E.R. w\u00e4hlen\" src=\"http:\/\/bier.rub.de\/wp-content\/uploads\/2014\/12\/PlakateWaffelnEssenGluehweintrinken.png\" alt=\"Waffel essen, B.I.E.R. w\u00e4hlen\" width=\"228\" height=\"162\" \/><\/a>Waffel essen, Gl\u00fchwein trinken, B.I.E.R. w\u00e4hlen<\/div>\n<\/td>\n<td>\n<div><a class=\"noicon\" href=\"http:\/\/bier.rub.de\/wp-content\/uploads\/2014\/12\/stuerzen14II.pdf\"><img loading=\"lazy\" title=\"AStA st\u00fcrzen - was dagegen?\" src=\"http:\/\/bier.rub.de\/wp-content\/uploads\/2014\/12\/stuerzen14II.png\" alt=\"AStA st\u00fcrzen - was dagegen?\" width=\"228\" height=\"162\" \/><\/a>AStA st\u00fcrzen \u2013 was dagegen?<\/div>\n<\/td>\n<\/tr>\n<tr>\n<td>\n<div><a class=\"noicon\" href=\"http:\/\/bier.rub.de\/wp-content\/uploads\/2014\/12\/Car14IIHomepage.pdf\"><img loading=\"lazy\" title=\"Biertaxi\" src=\"http:\/\/bier.rub.de\/wp-content\/uploads\/2014\/12\/Car14IIHomepage.png\" alt=\"Biertaxi\" width=\"228\" height=\"162\" \/><\/a>Biertaxi Jetzt!<\/div>\n<\/td>\n<td>\n<div><a class=\"noicon\" href=\"http:\/\/bier.rub.de\/wp-content\/uploads\/2014\/12\/ausgegoren14II.pdf\"><img loading=\"lazy\" title=\"Ausgegorene Ideen\" src=\"http:\/\/bier.rub.de\/wp-content\/uploads\/2014\/12\/ausgegoren14II.png\" alt=\"Ausgegorene Ideen\" width=\"228\" height=\"162\" \/><\/a>Nur bei uns<\/div>\n<\/td>\n<\/tr>\n<tr>\n<td>\n<div><a class=\"noicon\" href=\"http:\/\/bier.rub.de\/wp-content\/uploads\/2014\/12\/mitbringen14II.pdf\"><img loading=\"lazy\" title=\"Das Mitbringen von Tieren ist unzul\u00e4ssig\" src=\"http:\/\/bier.rub.de\/wp-content\/uploads\/2014\/12\/mitbringen14II.png\" alt=\"Das Mitbringen von Tieren ist unzul\u00e4ssig\" width=\"228\" height=\"162\" \/><\/a>Das Mitbringen von Tieren ist unzul\u00e4ssig<\/div>\n<\/td>\n<td>\n<div><a class=\"noicon\" href=\"http:\/\/bier.rub.de\/wp-content\/uploads\/2014\/12\/Wewantbeer14II.pdf\"><img loading=\"lazy\" title=\"We want\" src=\"http:\/\/bier.rub.de\/wp-content\/uploads\/2014\/12\/Wewantbeer14II.png\" alt=\"We want\" width=\"228\" height=\"162\" \/><\/a> We want Bierbrauerei<\/div>\n<\/td>\n<\/tr>\n<tr>\n<td>\n<div><a class=\"noicon\" href=\"http:\/\/bier.rub.de\/wp-content\/uploads\/2014\/12\/VolleU3514II.pdf\"><img loading=\"lazy\" title=\"Bierbike\" src=\"http:\/\/bier.rub.de\/wp-content\/uploads\/2014\/12\/VolleU3514II.png\" alt=\"Bierbike\" width=\"228\" height=\"162\" \/><\/a>Stress in der U35?<\/div>\n<\/td>\n<td>\n<div><a class=\"noicon\" href=\"http:\/\/bier.rub.de\/wp-content\/uploads\/2014\/12\/menschlich14II.pdf\"><img loading=\"lazy\" title=\"menschlich, besoffen, leistungsstark\" src=\"http:\/\/bier.rub.de\/wp-content\/uploads\/2014\/12\/menschlich14II.png\" alt=\"menschlich, besoffen, leistungsstark\" width=\"228\" height=\"162\" \/><\/a>menschlich, besoffen, leistungsstark<\/div>\n<\/td>\n<\/tr>\n<tr>\n<td>\n<div><a class=\"noicon\" href=\"http:\/\/bier.rub.de\/wp-content\/uploads\/2014\/12\/Party14IIHomepage.pdf\"><img loading=\"lazy\" title=\"\u2026we're gonna fight\" src=\"http:\/\/bier.rub.de\/wp-content\/uploads\/2014\/12\/Party14IIHomepage.png\" alt=\"\u2026we're gonna fight\" width=\"228\" height=\"325\" \/><\/a>Yes, we will<\/div>\n<\/td>\n<td>\n<div><img loading=\"lazy\" title=\"Ist das Kunst oder kann das weg?\" src=\"http:\/\/bier.rub.de\/wp-content\/uploads\/2014\/12\/morebeer.jpg\" alt=\"Ist das Kunst oder kann das weg?\" width=\"228\" height=\"173\" \/>Sch\u00e4tzchen wie dieses am ID gibt es \u00fcber den ganzen Campus verteilt<\/div>\n<\/td>\n<\/tr>\n<\/tbody>\n<\/table>\n","protected":false},"excerpt":{"rendered":"<p>Auch dieses Jahr wieder haben wir eine Vielzahl von Plakaten entworfen und damit die Uni tapeziert. Hier k\u00f6nnt Ihr alle angucken und sogar als PDF runterladen, wenn Ihr damit auch Eure Wohnung tapezieren wollt. Waffel essen, Gl\u00fchwein trinken, B.I.E.R. w\u00e4hlen AStA st\u00fcrzen \u2013 was dagegen? Biertaxi Jetzt! Nur bei uns Das Mitbringen von Tieren ist&#8230;  <a href=\"http:\/\/bier.rub.de\/?page_id=1187\" class=\"more-link\" title=\"Read Die legend\u00e4ren Wahlkampf-Plakate 2014\">Read more &raquo;<\/a><\/p>\n","protected":false},"author":1,"featured_media":0,"parent":0,"menu_order":0,"comment_status":"open","ping_status":"open","template":"","meta":[],"_links":{"self":[{"href":"http:\/\/bier.rub.de\/index.php?rest_route=\/wp\/v2\/pages\/1187"}],"collection":[{"href":"http:\/\/bier.rub.de\/index.php?rest_route=\/wp\/v2\/pages"}],"about":[{"href":"http:\/\/bier.rub.de\/index.php?rest_route=\/wp\/v2\/types\/page"}],"author":[{"embeddable":true,"href":"http:\/\/bier.rub.de\/index.php?rest_route=\/wp\/v2\/users\/1"}],"replies":[{"embeddable":true,"href":"http:\/\/bier.rub.de\/index.php?rest_route=%2Fwp%2Fv2%2Fcomments&post=1187"}],"version-history":[{"count":22,"href":"http:\/\/bier.rub.de\/index.php?rest_route=\/wp\/v2\/pages\/1187\/revisions"}],"predecessor-version":[{"id":1825,"href":"http:\/\/bier.rub.de\/index.php?rest_route=\/wp\/v2\/pages\/1187\/revisions\/1825"}],"wp:attachment":[{"href":"http:\/\/bier.rub.de\/index.php?rest_route=%2Fwp%2Fv2%2Fmedia&parent=1187"}],"curies":[{"name":"wp","href":"https:\/\/api.w.org\/{rel}","templated":true}]}}