{"id":1055,"date":"2014-01-04T18:16:40","date_gmt":"2014-01-04T16:16:40","guid":{"rendered":"http:\/\/bier.rub.de\/?page_id=1055"},"modified":"2015-05-18T14:02:46","modified_gmt":"2015-05-18T12:02:46","slug":"urabstimmung","status":"publish","type":"page","link":"http:\/\/bier.rub.de\/?page_id=1055","title":{"rendered":"Urabstimmung"},"content":{"rendered":"<p class=\"lead\">In diesem Jahr k\u00f6nnt Ihr nicht nur das Parlament neu w\u00e4hlen, sondern auch \u00fcber 2 Sozialbeitragserh\u00f6hungen abstimmen. Einmal betrifft das 1 \u20ac pro Semester pro Studierenden f\u00fcr eine sog. Theaterflat f\u00fcr das Schauspielhaus Bochum. Die Informationen dazu findet Ihr unter dem Men\u00fcpunkt &#8222;Theaterflat&#8220;. Dann hat der AStA sich dazu entschieden, in den Aufbau des Projektes &#8222;metropolradruhr&#8220; einzusteigen, also diese Verleihfahrr\u00e4der deren Stationen nicht nur auf dem Campus der RUB zu finden sind, sondern auch im ganzen Ruhrgebiet. Die Informationen dazu findet Ihr unter dem Men\u00fcpunkt &#8222;Metropolradruhr&#8220;.<\/p>\n<p>Die Liste B.I.E.R. m\u00f6chte es Euch erm\u00f6glichen, fernab von Listenmeinungen \u00fcber diese beiden Punkte zu bestimmen. Nat\u00fcrlich haben aber auch wir unsere Meinungen dazu. Unsere Meinungen werden wir daher ausdr\u00fccklich kennzeichnen, um die Informationslage transparent zu gestalten.<\/p>\n<ul>\n<li><a href=\"http:\/\/bier.rub.de\/?cat=33\">FAQ<\/a><\/li>\n<li><a href=\"http:\/\/bier.rub.de\/?cat=13\">Metropolradruhr<\/a><\/li>\n<li><a href=\"http:\/\/bier.rub.de\/?cat=17\">Theater-Flat<\/a><\/li>\n<\/ul>\n","protected":false},"excerpt":{"rendered":"<p>In diesem Jahr k\u00f6nnt Ihr nicht nur das Parlament neu w\u00e4hlen, sondern auch \u00fcber 2 Sozialbeitragserh\u00f6hungen abstimmen. Einmal betrifft das 1 \u20ac pro Semester pro Studierenden f\u00fcr eine sog. Theaterflat f\u00fcr das Schauspielhaus Bochum. Die Informationen dazu findet Ihr unter dem Men\u00fcpunkt &#8222;Theaterflat&#8220;. Dann hat der AStA sich dazu entschieden, in den Aufbau des Projektes&#8230;  <a href=\"http:\/\/bier.rub.de\/?page_id=1055\" class=\"more-link\" title=\"Read Urabstimmung\">Read more &raquo;<\/a><\/p>\n","protected":false},"author":1,"featured_media":0,"parent":0,"menu_order":0,"comment_status":"closed","ping_status":"closed","template":"","meta":[],"_links":{"self":[{"href":"http:\/\/bier.rub.de\/index.php?rest_route=\/wp\/v2\/pages\/1055"}],"collection":[{"href":"http:\/\/bier.rub.de\/index.php?rest_route=\/wp\/v2\/pages"}],"about":[{"href":"http:\/\/bier.rub.de\/index.php?rest_route=\/wp\/v2\/types\/page"}],"author":[{"embeddable":true,"href":"http:\/\/bier.rub.de\/index.php?rest_route=\/wp\/v2\/users\/1"}],"replies":[{"embeddable":true,"href":"http:\/\/bier.rub.de\/index.php?rest_route=%2Fwp%2Fv2%2Fcomments&post=1055"}],"version-history":[{"count":4,"href":"http:\/\/bier.rub.de\/index.php?rest_route=\/wp\/v2\/pages\/1055\/revisions"}],"predecessor-version":[{"id":1881,"href":"http:\/\/bier.rub.de\/index.php?rest_route=\/wp\/v2\/pages\/1055\/revisions\/1881"}],"wp:attachment":[{"href":"http:\/\/bier.rub.de\/index.php?rest_route=%2Fwp%2Fv2%2Fmedia&parent=1055"}],"curies":[{"name":"wp","href":"https:\/\/api.w.org\/{rel}","templated":true}]}}